{"id":11,"date":"2020-10-02T10:56:09","date_gmt":"2020-10-02T13:56:09","guid":{"rendered":"https:\/\/pousadamartindesa.com\/?page_id=11"},"modified":"2024-02-21T00:09:10","modified_gmt":"2024-02-21T03:09:10","slug":"termos-de-uso","status":"publish","type":"page","link":"https:\/\/pousadamartindesa.com\/en\/termos-de-uso\/","title":{"rendered":"TERMS OF USE"},"content":{"rendered":"<div data-elementor-type=\"wp-page\" data-elementor-id=\"11\" class=\"elementor elementor-11\" data-elementor-post-type=\"page\">\n\t\t\t\t\t\t<section class=\"elementor-section elementor-top-section elementor-element elementor-element-aad8c3a elementor-section-boxed elementor-section-height-default elementor-section-height-default\" data-id=\"aad8c3a\" data-element_type=\"section\" data-e-type=\"section\">\n\t\t\t\t\t\t<div class=\"elementor-container elementor-column-gap-default\">\n\t\t\t\t\t<div class=\"elementor-column elementor-col-100 elementor-top-column elementor-element elementor-element-44f0258d\" data-id=\"44f0258d\" data-element_type=\"column\" data-e-type=\"column\">\n\t\t\t<div class=\"elementor-widget-wrap elementor-element-populated\">\n\t\t\t\t\t\t<div class=\"elementor-element elementor-element-6118129b eael_simple_menu_hamburger_disable_selected_menu_no eael-simple-menu-hamburger-align-right eael-hamburger--tablet elementor-widget elementor-widget-eael-simple-menu\" data-id=\"6118129b\" data-element_type=\"widget\" data-e-type=\"widget\" data-widget_type=\"eael-simple-menu.default\">\n\t\t\t\t<div class=\"elementor-widget-container\">\n\t\t\t\t\t<style>\n                        @media screen and (max-width: 1024px) {\n                            .eael-hamburger--tablet {\n                                .eael-simple-menu-horizontal,\n                                .eael-simple-menu-vertical {\n                                    display: none;\n                                }\n                            }\n                            .eael-hamburger--tablet {\n                                .eael-simple-menu-container .eael-simple-menu-toggle {\n                                    display: block;\n                                }\n                            }\n                        }\n                        .eael-simple-menu-container.eael-simple-menu--loading > ul {\n                            display: -webkit-box !important;\n                            display: -ms-flexbox !important;\n                            display: flex !important;\n                            list-style: none !important;\n                        }\n                        .eael-simple-menu-container.eael-simple-menu--loading li ul {\n                            visibility: hidden !important;\n                            opacity: 0 !important;\n                        }\n                    <\/style>            <div data-hamburger-icon=\"&lt;i aria-hidden=&quot;true&quot; class=&quot;fas fa-bars&quot;&gt;&lt;\/i&gt;\" data-indicator-icon=\"&lt;i aria-hidden=&quot;true&quot; class=&quot;fas fa-angle-down&quot;&gt;&lt;\/i&gt;\" data-dropdown-indicator-icon=\"&lt;i class=&quot;fas fa-angle-down&quot;&gt;&lt;\/i&gt;\" class=\"eael-simple-menu-container eael-simple-menu--loading eael-simple-menu-align-right eael-simple-menu-dropdown-align-left preset-3\" data-hamburger-breakpoints=\"{&quot;mobile&quot;:&quot;Mobile Portrait (&gt; 767px)&quot;,&quot;tablet&quot;:&quot;Tablet Portrait (&gt; 1024px)&quot;,&quot;desktop&quot;:&quot;Desktop (&gt; 2400px)&quot;,&quot;none&quot;:&quot;None&quot;}\" data-hamburger-device=\"tablet\">\n                <ul id=\"menu-menu-principal\" class=\"eael-simple-menu eael-simple-menu-dropdown-animate-to-top eael-simple-menu-indicator eael-simple-menu-horizontal\"><li id=\"menu-item-720\" class=\"menu-item menu-item-type-custom menu-item-object-custom menu-item-720\"><a href=\"https:\/\/pousadamartindesa.com\/en\/\">HOME<\/a><\/li>\n<li id=\"menu-item-721\" class=\"menu-item menu-item-type-post_type menu-item-object-page menu-item-721\"><a href=\"https:\/\/pousadamartindesa.com\/en\/a-pousada\/\">THE INN<\/a><\/li>\n<li id=\"menu-item-722\" class=\"menu-item menu-item-type-post_type menu-item-object-page menu-item-722\"><a href=\"https:\/\/pousadamartindesa.com\/en\/caraguatatuba\/\">CARAGUATATUBA<\/a><\/li>\n<li id=\"menu-item-919\" class=\"menu-item menu-item-type-custom menu-item-object-custom menu-item-919\"><a href=\"#sobre\">ACOMODA\u00c7\u00d5ES<\/a><\/li>\n<li id=\"menu-item-723\" class=\"menu-item menu-item-type-custom menu-item-object-custom menu-item-723\"><a href=\"https:\/\/hbook.hsystem.com.br\/Booking?companyId=6929ea8435776140f39e6bcd\">BOOKING<\/a><\/li>\n<\/ul>                <button class=\"eael-simple-menu-toggle\">\n                    <span class=\"sr-only\">Hamburger Toggle Menu<\/span>\n                    <i aria-hidden=\"true\" class=\"fas fa-bars\"><\/i>                <\/button>\n            <\/div>\n            \t\t\t\t<\/div>\n\t\t\t\t<\/div>\n\t\t\t\t\t<\/div>\n\t\t<\/div>\n\t\t\t\t\t<\/div>\n\t\t<\/section>\n\t\t\t\t<section class=\"elementor-section elementor-top-section elementor-element elementor-element-1d3edded elementor-section-boxed elementor-section-height-default elementor-section-height-default\" data-id=\"1d3edded\" data-element_type=\"section\" data-e-type=\"section\">\n\t\t\t\t\t\t<div class=\"elementor-container elementor-column-gap-default\">\n\t\t\t\t\t<div class=\"elementor-column elementor-col-100 elementor-top-column elementor-element elementor-element-392fb804\" data-id=\"392fb804\" data-element_type=\"column\" data-e-type=\"column\">\n\t\t\t<div class=\"elementor-widget-wrap elementor-element-populated\">\n\t\t\t\t\t\t<div class=\"elementor-element elementor-element-5ee62d8d elementor-widget elementor-widget-text-editor\" data-id=\"5ee62d8d\" data-element_type=\"widget\" data-e-type=\"widget\" data-widget_type=\"text-editor.default\">\n\t\t\t\t<div class=\"elementor-widget-container\">\n\t\t\t\t\t\t\t\t\t<h2><span style=\"color: #000000;\">1. Terms<\/span><\/h2><p><span style=\"color: #000000;\">When accessing the website <a style=\"color: #000000;\" href=\"\/en\/pousadamartindesa.com\/\">Pousada Martin de S\u00e1<\/a>, you agree to comply with these terms of service, all applicable laws and regulations, and agree that you are responsible for compliance with any applicable local laws. If you do not agree with any of these terms, you are prohibited from using or accessing this site. The materials contained in this site are protected by applicable copyright and trademark laws.<\/span><\/p><h2><span style=\"color: #000000;\">2. License Use<\/span><\/h2><p><span style=\"color: #000000;\">Permission is granted to temporarily download one copy of the materials (information or software) on Pousada Martin de S\u00e1's website for personal, non-commercial transitory viewing only. This is the grant of a license, not a transfer of title, and under this license you may not:<\/span><\/p><ol><li><span style=\"color: #000000;\">modify or copy the materials;<\/span><\/li><li><span style=\"color: #000000;\">use the materials for any commercial purpose or for public display (commercial or non-commercial);<\/span><\/li><li><span style=\"color: #000000;\">attempt to decompile or reverse engineer any software contained on the Pousada Martin de S\u00e1 website;<\/span><\/li><li><span style=\"color: #000000;\">remove any copyright or other proprietary notations from the materials; or<\/span><\/li><li><span style=\"color: #000000;\">transfer the materials to another person or \u2018mirror\u2019 the materials on any other server.<\/span><\/li><\/ol><p><span style=\"color: #000000;\">This license shall automatically terminate if you violate any of these restrictions and may be terminated by Pousada Martin de S\u00e1 at any time. Upon terminating your viewing of these materials or upon the termination of this license, you must delete any downloaded materials in your possession whether in electronic or printed format.<\/span><\/p><h2><span style=\"color: #000000;\">3. Disclaimer<\/span><\/h2><ol><li><span style=\"color: #000000;\">The materials on Pousada Martin de S\u00e1's website are provided on an 'as is' basis. Pousada Martin de S\u00e1 makes no warranties, expressed or implied, and hereby disclaims and negates all other warranties, including, without limitation, implied warranties or conditions of merchantability, fitness for a particular purpose, or non-infringement of intellectual property or another violation of rights.<\/span><\/li><li><span style=\"color: #000000;\">Further, Pousada Martin de S\u00e1 does not warrant or make any representations concerning the accuracy, likely results, or reliability of the use of the materials on its website or otherwise relating to such materials or on any sites linked to this site.<\/span><\/li><\/ol><h2><span style=\"color: #000000;\">4. Limitations<\/span><\/h2><p><span style=\"color: #000000;\">In no event shall Pousada Martin de S\u00e1 or its suppliers be liable for any damages (including, without limitation, damages for loss of data or profit, or due to business interruption) arising out of the use or inability to use the materials on Pousada Martin de S\u00e1, even if Pousada Martin de S\u00e1 or a Pousada Martin de S\u00e1 authorized representative has been notified orally or in writing of the possibility of such damages. Because some jurisdictions do not allow limitations on implied warranties, or limitations of liability for consequential or incidental damages, these limitations may not apply to you.<\/span><\/p><h3><span style=\"color: #000000;\">Precision of materials<\/span><\/h3><p><span style=\"color: #000000;\">The materials appearing on Pousada Martin de S\u00e1's website could include technical, typographical, or photographic errors. Pousada Martin de S\u00e1 does not guarantee that any materials on its website are accurate, complete or current. Pousada Martin de S\u00e1 may make changes to the materials contained on its website at any time without notice. However Pousada Martin de S\u00e1 does not make any commitment to update the materials.<\/span><\/p><h2><span style=\"color: #000000;\">6. Links<\/span><\/h2><p><span style=\"color: #000000;\">Pousada Martin de S\u00e1 has not reviewed all of the sites linked to its website and is not responsible for the contents of any linked site. The inclusion of any link does not imply endorsement by Pousada Martin de S\u00e1 of the site. Use of any linked site is at the user's own risk.<\/span><\/p><h3><span style=\"color: #000000;\">Modifications<\/span><\/h3><p><span style=\"color: #000000;\">Pousada Martin de S\u00e1 may revise these website terms of service at any time without notice. By using this website, you are agreeing to be bound by the current version of these terms of service.<\/span><\/p><h3><span style=\"color: #000000;\">Applicable law<\/span><\/h3><p><span style=\"color: #000000;\">These terms and conditions are governed by and construed in accordance with the laws of Pousada Martin de S\u00e1 and you irrevocably submit to the exclusive jurisdiction of the courts in that State or location.<\/span><\/p>\t\t\t\t\t\t\t\t<\/div>\n\t\t\t\t<\/div>\n\t\t\t\t\t<\/div>\n\t\t<\/div>\n\t\t\t\t\t<\/div>\n\t\t<\/section>\n\t\t\t\t<\/div>","protected":false},"excerpt":{"rendered":"<p>HOME A POUSADA CARAGUATATUBA RESERVAS 1. Termos Ao acessar ao site Pousada Martin de S\u00e1, concorda em cumprir estes termos de servi\u00e7o, todas as leis e regulamentos aplic\u00e1veis \u200b\u200be concorda que \u00e9 respons\u00e1vel pelo cumprimento de todas as leis locais aplic\u00e1veis. Se voc\u00ea n\u00e3o concordar com algum desses termos, est\u00e1 proibido de usar ou acessar [&hellip;]<\/p>\n","protected":false},"author":1,"featured_media":0,"parent":0,"menu_order":0,"comment_status":"closed","ping_status":"closed","template":"elementor_header_footer","meta":{"footnotes":""},"class_list":["post-11","page","type-page","status-publish","hentry"],"_links":{"self":[{"href":"https:\/\/pousadamartindesa.com\/en\/wp-json\/wp\/v2\/pages\/11","targetHints":{"allow":["GET"]}}],"collection":[{"href":"https:\/\/pousadamartindesa.com\/en\/wp-json\/wp\/v2\/pages"}],"about":[{"href":"https:\/\/pousadamartindesa.com\/en\/wp-json\/wp\/v2\/types\/page"}],"author":[{"embeddable":true,"href":"https:\/\/pousadamartindesa.com\/en\/wp-json\/wp\/v2\/users\/1"}],"replies":[{"embeddable":true,"href":"https:\/\/pousadamartindesa.com\/en\/wp-json\/wp\/v2\/comments?post=11"}],"version-history":[{"count":7,"href":"https:\/\/pousadamartindesa.com\/en\/wp-json\/wp\/v2\/pages\/11\/revisions"}],"predecessor-version":[{"id":825,"href":"https:\/\/pousadamartindesa.com\/en\/wp-json\/wp\/v2\/pages\/11\/revisions\/825"}],"wp:attachment":[{"href":"https:\/\/pousadamartindesa.com\/en\/wp-json\/wp\/v2\/media?parent=11"}],"curies":[{"name":"wp","href":"https:\/\/api.w.org\/{rel}","templated":true}]}}