{"id":19,"date":"2020-10-02T10:58:35","date_gmt":"2020-10-02T13:58:35","guid":{"rendered":"https:\/\/pousadamartindesa.com\/?page_id=19"},"modified":"2024-02-21T00:04:51","modified_gmt":"2024-02-21T03:04:51","slug":"politica-para-pets","status":"publish","type":"page","link":"https:\/\/pousadamartindesa.com\/en\/politica-para-pets\/","title":{"rendered":"PET POLICY"},"content":{"rendered":"<div data-elementor-type=\"wp-page\" data-elementor-id=\"19\" class=\"elementor elementor-19\" data-elementor-post-type=\"page\">\n\t\t\t\t\t\t<section class=\"elementor-section elementor-top-section elementor-element elementor-element-1fd89d32 elementor-section-boxed elementor-section-height-default elementor-section-height-default\" data-id=\"1fd89d32\" data-element_type=\"section\" data-e-type=\"section\">\n\t\t\t\t\t\t<div class=\"elementor-container elementor-column-gap-default\">\n\t\t\t\t\t<div class=\"elementor-column elementor-col-100 elementor-top-column elementor-element elementor-element-4ef8d914\" data-id=\"4ef8d914\" data-element_type=\"column\" data-e-type=\"column\">\n\t\t\t<div class=\"elementor-widget-wrap elementor-element-populated\">\n\t\t\t\t\t\t<div class=\"elementor-element elementor-element-5f280923 eael_simple_menu_hamburger_disable_selected_menu_no eael-simple-menu-hamburger-align-right eael-hamburger--tablet elementor-widget elementor-widget-eael-simple-menu\" data-id=\"5f280923\" data-element_type=\"widget\" data-e-type=\"widget\" data-widget_type=\"eael-simple-menu.default\">\n\t\t\t\t<div class=\"elementor-widget-container\">\n\t\t\t\t\t<style>\n                        @media screen and (max-width: 1024px) {\n                            .eael-hamburger--tablet {\n                                .eael-simple-menu-horizontal,\n                                .eael-simple-menu-vertical {\n                                    display: none;\n                                }\n                            }\n                            .eael-hamburger--tablet {\n                                .eael-simple-menu-container .eael-simple-menu-toggle {\n                                    display: block;\n                                }\n                            }\n                        }\n                        .eael-simple-menu-container.eael-simple-menu--loading > ul {\n                            display: -webkit-box !important;\n                            display: -ms-flexbox !important;\n                            display: flex !important;\n                            list-style: none !important;\n                        }\n                        .eael-simple-menu-container.eael-simple-menu--loading li ul {\n                            visibility: hidden !important;\n                            opacity: 0 !important;\n                        }\n                    <\/style>            <div data-hamburger-icon=\"&lt;i aria-hidden=&quot;true&quot; class=&quot;fas fa-bars&quot;&gt;&lt;\/i&gt;\" data-indicator-icon=\"&lt;i aria-hidden=&quot;true&quot; class=&quot;fas fa-angle-down&quot;&gt;&lt;\/i&gt;\" data-dropdown-indicator-icon=\"&lt;i class=&quot;fas fa-angle-down&quot;&gt;&lt;\/i&gt;\" class=\"eael-simple-menu-container eael-simple-menu--loading eael-simple-menu-align-right eael-simple-menu-dropdown-align-left preset-3\" data-hamburger-breakpoints=\"{&quot;mobile&quot;:&quot;Mobile Portrait (&gt; 767px)&quot;,&quot;tablet&quot;:&quot;Tablet Portrait (&gt; 1024px)&quot;,&quot;desktop&quot;:&quot;Desktop (&gt; 2400px)&quot;,&quot;none&quot;:&quot;None&quot;}\" data-hamburger-device=\"tablet\">\n                <ul id=\"menu-menu-principal\" class=\"eael-simple-menu eael-simple-menu-dropdown-animate-to-top eael-simple-menu-indicator eael-simple-menu-horizontal\"><li id=\"menu-item-720\" class=\"menu-item menu-item-type-custom menu-item-object-custom menu-item-720\"><a href=\"https:\/\/pousadamartindesa.com\/en\/\">HOME<\/a><\/li>\n<li id=\"menu-item-721\" class=\"menu-item menu-item-type-post_type menu-item-object-page menu-item-721\"><a href=\"https:\/\/pousadamartindesa.com\/en\/a-pousada\/\">THE INN<\/a><\/li>\n<li id=\"menu-item-722\" class=\"menu-item menu-item-type-post_type menu-item-object-page menu-item-722\"><a href=\"https:\/\/pousadamartindesa.com\/en\/caraguatatuba\/\">CARAGUATATUBA<\/a><\/li>\n<li id=\"menu-item-919\" class=\"menu-item menu-item-type-custom menu-item-object-custom menu-item-919\"><a href=\"#sobre\">ACOMODA\u00c7\u00d5ES<\/a><\/li>\n<li id=\"menu-item-723\" class=\"menu-item menu-item-type-custom menu-item-object-custom menu-item-723\"><a href=\"https:\/\/hbook.hsystem.com.br\/Booking?companyId=6929ea8435776140f39e6bcd\">BOOKING<\/a><\/li>\n<\/ul>                <button class=\"eael-simple-menu-toggle\">\n                    <span class=\"sr-only\">Hamburger Toggle Menu<\/span>\n                    <i aria-hidden=\"true\" class=\"fas fa-bars\"><\/i>                <\/button>\n            <\/div>\n            \t\t\t\t<\/div>\n\t\t\t\t<\/div>\n\t\t\t\t\t<\/div>\n\t\t<\/div>\n\t\t\t\t\t<\/div>\n\t\t<\/section>\n\t\t\t\t<section class=\"elementor-section elementor-top-section elementor-element elementor-element-4267e61 elementor-section-boxed elementor-section-height-default elementor-section-height-default\" data-id=\"4267e61\" data-element_type=\"section\" data-e-type=\"section\">\n\t\t\t\t\t\t<div class=\"elementor-container elementor-column-gap-default\">\n\t\t\t\t\t<div class=\"elementor-column elementor-col-100 elementor-top-column elementor-element elementor-element-e1c1eca\" data-id=\"e1c1eca\" data-element_type=\"column\" data-e-type=\"column\">\n\t\t\t<div class=\"elementor-widget-wrap elementor-element-populated\">\n\t\t\t\t\t\t<div class=\"elementor-element elementor-element-7d5e178 elementor-widget elementor-widget-heading\" data-id=\"7d5e178\" data-element_type=\"widget\" data-e-type=\"widget\" data-widget_type=\"heading.default\">\n\t\t\t\t<div class=\"elementor-widget-container\">\n\t\t\t\t\t<h2 class=\"elementor-heading-title elementor-size-default\">Pet Boarding Policy<\/h2>\t\t\t\t<\/div>\n\t\t\t\t<\/div>\n\t\t\t\t<div class=\"elementor-element elementor-element-f223b70 elementor-widget elementor-widget-text-editor\" data-id=\"f223b70\" data-element_type=\"widget\" data-e-type=\"widget\" data-widget_type=\"text-editor.default\">\n\t\t\t\t<div class=\"elementor-widget-container\">\n\t\t\t\t\t\t\t\t\t<p style=\"text-align: center;\"><span style=\"color: #000000;\">(Pet Friendly Policy)<\/span><\/p>\t\t\t\t\t\t\t\t<\/div>\n\t\t\t\t<\/div>\n\t\t\t\t<div class=\"elementor-element elementor-element-4c7f13d elementor-widget elementor-widget-text-editor\" data-id=\"4c7f13d\" data-element_type=\"widget\" data-e-type=\"widget\" data-widget_type=\"text-editor.default\">\n\t\t\t\t<div class=\"elementor-widget-container\">\n\t\t\t\t\t\t\t\t\t<ul>\n<li><span style=\"color: #000000;\">Small pets are allowed in the room, including dogs weighing up to 8 kg.<\/span><\/li>\n<li><span style=\"color: #000000;\">A pet accommodation fee of R$20\/day will be charged, which must be paid at check-in.<\/span><\/li>\n<li><span style=\"color: #000000;\">The animal's owner must present the animal's updated vaccination card.<\/span><\/li>\n<li><span style=\"color: #000000;\">Owners must bring all the utensils and containers necessary for the animal's stay (food, guide and hygiene material).<\/span><\/li>\n<li><span style=\"color: #000000;\">The animal owner is responsible for any damage caused to the apartment and the inn's furniture.<\/span><\/li>\n<li><span style=\"color: #000000;\">Cleaning solid and\/or liquid waste made by the pet is the guest's sole responsibility.<\/span><\/li>\n<li><span style=\"color: #000000;\">If any damage occurs to the apartment. The guest will be notified by the inn and the amount will be posted to their account, which must be adjusted at Check-out.<\/span><\/li>\n<li><span style=\"color: #000000;\">We ask that dogs be prevented from barking persistently and continuously, we ask for collaboration, common sense and respect for other guests.<\/span><\/li>\n<li><span style=\"color: #000000;\">It is not allowed to leave the animal alone.<\/span><\/li>\n<li><span style=\"color: #000000;\">Pets are not allowed in the hotel's social areas, especially in the cafeteria.<\/span><\/li>\n<li><span style=\"color: #000000;\">Pets are only allowed to circulate in the inn if the pet is being transported in transport boxes\/bags or on the owner's lap.<\/span><\/li>\n<li><span style=\"color: #000000;\">Do not allow animals to climb on beds and furniture.<\/span><\/li>\n<li><span style=\"color: #000000;\">The use of towels or other materials from the inn for animal hygiene is prohibited.<\/span><\/li>\n<li><span style=\"color: #000000;\">The animal owner must sign the liability waiver upon check-in.<\/span><\/li>\n<\/ul>\t\t\t\t\t\t\t\t<\/div>\n\t\t\t\t<\/div>\n\t\t\t\t\t<\/div>\n\t\t<\/div>\n\t\t\t\t\t<\/div>\n\t\t<\/section>\n\t\t\t\t<\/div>","protected":false},"excerpt":{"rendered":"<p>HOME A POUSADA CARAGUATATUBA RESERVAS Pol\u00edtica de Hospedagem com Animais de Estima\u00e7\u00e3o (Pol\u00edtica Pet Friendly) \u00c9 permitida a perman\u00eancia de animais de estima\u00e7\u00e3o de pequeno porte no quarto, sendo que cachorros at\u00e9 8 kg. Ser\u00e1 cobrada uma taxa de hospedagem por animal de R$ 20\/di\u00e1ria, que dever\u00e1 ser paga no ato do check-in. O dono [&hellip;]<\/p>\n","protected":false},"author":1,"featured_media":0,"parent":0,"menu_order":0,"comment_status":"closed","ping_status":"closed","template":"elementor_header_footer","meta":{"footnotes":""},"class_list":["post-19","page","type-page","status-publish","hentry"],"_links":{"self":[{"href":"https:\/\/pousadamartindesa.com\/en\/wp-json\/wp\/v2\/pages\/19","targetHints":{"allow":["GET"]}}],"collection":[{"href":"https:\/\/pousadamartindesa.com\/en\/wp-json\/wp\/v2\/pages"}],"about":[{"href":"https:\/\/pousadamartindesa.com\/en\/wp-json\/wp\/v2\/types\/page"}],"author":[{"embeddable":true,"href":"https:\/\/pousadamartindesa.com\/en\/wp-json\/wp\/v2\/users\/1"}],"replies":[{"embeddable":true,"href":"https:\/\/pousadamartindesa.com\/en\/wp-json\/wp\/v2\/comments?post=19"}],"version-history":[{"count":17,"href":"https:\/\/pousadamartindesa.com\/en\/wp-json\/wp\/v2\/pages\/19\/revisions"}],"predecessor-version":[{"id":809,"href":"https:\/\/pousadamartindesa.com\/en\/wp-json\/wp\/v2\/pages\/19\/revisions\/809"}],"wp:attachment":[{"href":"https:\/\/pousadamartindesa.com\/en\/wp-json\/wp\/v2\/media?parent=19"}],"curies":[{"name":"wp","href":"https:\/\/api.w.org\/{rel}","templated":true}]}}