{"id":9,"date":"2020-10-02T10:55:16","date_gmt":"2020-10-02T10:55:16","guid":{"rendered":"https:\/\/pousadamartindesa.com\/?page_id=9"},"modified":"2024-02-21T00:03:48","modified_gmt":"2024-02-21T03:03:48","slug":"politica-de-privacidade","status":"publish","type":"page","link":"https:\/\/pousadamartindesa.com\/en\/politica-de-privacidade\/","title":{"rendered":"PRIVACY POLICY"},"content":{"rendered":"<div data-elementor-type=\"wp-page\" data-elementor-id=\"9\" class=\"elementor elementor-9\" data-elementor-post-type=\"page\">\n\t\t\t\t\t\t<section class=\"elementor-section elementor-top-section elementor-element elementor-element-3fb6cbce elementor-section-boxed elementor-section-height-default elementor-section-height-default\" data-id=\"3fb6cbce\" data-element_type=\"section\" data-e-type=\"section\">\n\t\t\t\t\t\t<div class=\"elementor-container elementor-column-gap-default\">\n\t\t\t\t\t<div class=\"elementor-column elementor-col-100 elementor-top-column elementor-element elementor-element-68aa5530\" data-id=\"68aa5530\" data-element_type=\"column\" data-e-type=\"column\">\n\t\t\t<div class=\"elementor-widget-wrap elementor-element-populated\">\n\t\t\t\t\t\t<div class=\"elementor-element elementor-element-784f6353 eael_simple_menu_hamburger_disable_selected_menu_no eael-simple-menu-hamburger-align-right eael-hamburger--tablet elementor-widget elementor-widget-eael-simple-menu\" data-id=\"784f6353\" data-element_type=\"widget\" data-e-type=\"widget\" data-widget_type=\"eael-simple-menu.default\">\n\t\t\t\t<div class=\"elementor-widget-container\">\n\t\t\t\t\t<style>\n                        @media screen and (max-width: 1024px) {\n                            .eael-hamburger--tablet {\n                                .eael-simple-menu-horizontal,\n                                .eael-simple-menu-vertical {\n                                    display: none;\n                                }\n                            }\n                            .eael-hamburger--tablet {\n                                .eael-simple-menu-container .eael-simple-menu-toggle {\n                                    display: block;\n                                }\n                            }\n                        }\n                        .eael-simple-menu-container.eael-simple-menu--loading > ul {\n                            display: -webkit-box !important;\n                            display: -ms-flexbox !important;\n                            display: flex !important;\n                            list-style: none !important;\n                        }\n                        .eael-simple-menu-container.eael-simple-menu--loading li ul {\n                            visibility: hidden !important;\n                            opacity: 0 !important;\n                        }\n                    <\/style>            <div data-hamburger-icon=\"&lt;i aria-hidden=&quot;true&quot; class=&quot;fas fa-bars&quot;&gt;&lt;\/i&gt;\" data-indicator-icon=\"&lt;i aria-hidden=&quot;true&quot; class=&quot;fas fa-angle-down&quot;&gt;&lt;\/i&gt;\" data-dropdown-indicator-icon=\"&lt;i class=&quot;fas fa-angle-down&quot;&gt;&lt;\/i&gt;\" class=\"eael-simple-menu-container eael-simple-menu--loading eael-simple-menu-align-right eael-simple-menu-dropdown-align-left preset-3\" data-hamburger-breakpoints=\"{&quot;mobile&quot;:&quot;Mobile Portrait (&gt; 767px)&quot;,&quot;tablet&quot;:&quot;Tablet Portrait (&gt; 1024px)&quot;,&quot;desktop&quot;:&quot;Desktop (&gt; 2400px)&quot;,&quot;none&quot;:&quot;None&quot;}\" data-hamburger-device=\"tablet\">\n                <ul id=\"menu-menu-principal\" class=\"eael-simple-menu eael-simple-menu-dropdown-animate-to-top eael-simple-menu-indicator eael-simple-menu-horizontal\"><li id=\"menu-item-720\" class=\"menu-item menu-item-type-custom menu-item-object-custom menu-item-720\"><a href=\"https:\/\/pousadamartindesa.com\/en\/\">HOME<\/a><\/li>\n<li id=\"menu-item-721\" class=\"menu-item menu-item-type-post_type menu-item-object-page menu-item-721\"><a href=\"https:\/\/pousadamartindesa.com\/en\/a-pousada\/\">THE INN<\/a><\/li>\n<li id=\"menu-item-722\" class=\"menu-item menu-item-type-post_type menu-item-object-page menu-item-722\"><a href=\"https:\/\/pousadamartindesa.com\/en\/caraguatatuba\/\">CARAGUATATUBA<\/a><\/li>\n<li id=\"menu-item-919\" class=\"menu-item menu-item-type-custom menu-item-object-custom menu-item-919\"><a href=\"#sobre\">ACOMODA\u00c7\u00d5ES<\/a><\/li>\n<li id=\"menu-item-723\" class=\"menu-item menu-item-type-custom menu-item-object-custom menu-item-723\"><a href=\"https:\/\/hbook.hsystem.com.br\/Booking?companyId=6929ea8435776140f39e6bcd\">BOOKING<\/a><\/li>\n<\/ul>                <button class=\"eael-simple-menu-toggle\">\n                    <span class=\"sr-only\">Hamburger Toggle Menu<\/span>\n                    <i aria-hidden=\"true\" class=\"fas fa-bars\"><\/i>                <\/button>\n            <\/div>\n            \t\t\t\t<\/div>\n\t\t\t\t<\/div>\n\t\t\t\t\t<\/div>\n\t\t<\/div>\n\t\t\t\t\t<\/div>\n\t\t<\/section>\n\t\t\t\t<section class=\"elementor-section elementor-top-section elementor-element elementor-element-4a38a019 elementor-section-boxed elementor-section-height-default elementor-section-height-default\" data-id=\"4a38a019\" data-element_type=\"section\" data-e-type=\"section\">\n\t\t\t\t\t\t<div class=\"elementor-container elementor-column-gap-default\">\n\t\t\t\t\t<div class=\"elementor-column elementor-col-100 elementor-top-column elementor-element elementor-element-781b7c49\" data-id=\"781b7c49\" data-element_type=\"column\" data-e-type=\"column\">\n\t\t\t<div class=\"elementor-widget-wrap elementor-element-populated\">\n\t\t\t\t\t\t<div class=\"elementor-element elementor-element-7ec81620 elementor-widget elementor-widget-text-editor\" data-id=\"7ec81620\" data-element_type=\"widget\" data-e-type=\"widget\" data-widget_type=\"text-editor.default\">\n\t\t\t\t<div class=\"elementor-widget-container\">\n\t\t\t\t\t\t\t\t\t<h2><span style=\"color: #000000;\">Privacy Policy<\/span><\/h2><p><span style=\"color: #000000;\">Your privacy is important to us. It is Pousada Martin de S\u00e1's policy to respect your privacy regarding any information we may collect from you on the website. <a style=\"color: #000000;\" href=\"\/en\/pousadamartindesa.com\/\">Pousada Martin de S\u00e1<\/a>, and other sites we own and operate.<\/span><\/p><p><span style=\"color: #000000;\">We only request personal information when we truly need it to provide you with a service. We do so by fair and legal means, with your knowledge and consent. We also tell you why we are collecting it and how it will be used.<\/span><\/p><p><span style=\"color: #000000;\">We only retain collected information for as long as necessary to provide the requested service. When we store data, we protect it within commercially acceptable means to prevent loss and theft, as well as unauthorized access, disclosure, copying, use or modification.<\/span><\/p><p><span style=\"color: #000000;\">We do not share personally identifiable information publicly or with third parties except when required by law.<\/span><\/p><p><span style=\"color: #000000;\">Our website may have links to external websites that are not operated by us. Please be aware that we have no control over the content and practices of these sites and cannot accept responsibility for their respective <a style=\"color: #000000;\" href=\"https:\/\/politicaprivacidade.com\" target=\"_BLANK\" rel=\"noopener noreferrer\">pol\u00edticas de privacidade<\/a>.<\/span><\/p><p><span style=\"color: #000000;\">You are free to refuse our request for your personal information, with the understanding that we may be unable to provide you with some of your desired services.<\/span><\/p><p><span style=\"color: #000000;\">Your continued use of our website will be considered acceptance of our practices around privacy and personal information. If you have any questions about how we handle user data and personal information, please contact us.<\/span><\/p><h2><span style=\"color: #000000;\">Cookies Policy Pousada Martin de S\u00e1<\/span><\/h2><h3><span style=\"color: #000000;\">What are cookies?<\/span><\/h3><p><span style=\"color: #000000;\">As is common practice with almost all professional websites this site uses cookies, which are small files that are downloaded to your computer, to improve your experience. This page describes what information they collect, how we use it and why we sometimes need to store these cookies. We will also share how you can prevent these cookies from being stored, however this may downgrade or 'break' certain elements of the site's functionality.<\/span><\/p><h3><span style=\"color: #000000;\">How do we use cookies?<\/span><\/h3><p><span style=\"color: #000000;\">We use cookies for a number of reasons, detailed below. Unfortunately, in most cases there are no industry standard options for disabling cookies without completely disabling the functionality and features they add to this site. It is recommended that you leave all cookies if you are not sure whether or not you need them in case they are used to provide a service that you use.<\/span><\/p><h3><span style=\"color: #000000;\">Disable cookies<\/span><\/h3><p><span style=\"color: #000000;\">You can prevent the setting of cookies by adjusting your browser settings (see your browser Help for how to do this). Please be aware that disabling cookies will affect the functionality of this and many other websites you visit. Disabling cookies will generally result in disabling certain functionality and features of this website. Therefore, it is recommended that you do not disable cookies.<\/span><\/p><h3><span style=\"color: #000000;\">Cookies we set<\/span><\/h3><ul><li><span style=\"color: #000000;\">Account-Related CookiesIf you create an account with us, we will use cookies to manage the sign-up process and general administration. These cookies will usually be deleted when you log out, however in some cases they may remain afterwards to remember your site preferences when you log out.<\/span><\/li><li><span style=\"color: #000000;\">Login-related cookiesWe use cookies when you are logged in so that we can remember this action. This saves you from having to log in every time you visit a new page. These cookies are normally removed or cleared when you log out to ensure that you can only access restricted features and areas when logged in.<\/span><\/li><li><span style=\"color: #000000;\">Cookies related to email newslettersThis website offers newsletter or email subscription services and cookies may be used to remember whether you are already registered and whether to show certain notifications valid only to subscribed\/unsubscribed users.<\/span><\/li><li><span style=\"color: #000000;\">Orders processing related cookiesThis site offers e-commerce or payment facilities and some cookies are essential to ensure that your order is remembered between pages so that we can process it properly.<\/span><\/li><li><span style=\"color: #000000;\">Survey-Related CookiesWe periodically offer surveys and questionnaires to provide interesting information, useful tools, or to understand our user base more accurately. These surveys may use cookies to remember who has already participated in a survey or to provide accurate results after you change pages.<\/span><\/li><li><span style=\"color: #000000;\">Forms-related cookiesWhen you submit data through a form such as those found on contact pages or comment forms cookies may be set to remember your user details for future correspondence.<\/span><\/li><li><span style=\"color: #000000;\">Site preferences cookiesTo provide you with a great experience on this site, we provide the functionality to set your preferences for how this site runs when you use it. To remember your preferences, we need to set cookies so that this information can be called whenever you interact with a page that is affected by your preferences.<\/span><\/li><\/ul><h3><span style=\"color: #000000;\">Third Party Cookies<\/span><\/h3><p><span style=\"color: #000000;\">In some special cases, we also use cookies provided by trusted third parties. The following section details which third-party cookies you may encounter through this website.<\/span><\/p><ul><li><span style=\"color: #000000;\">This site uses Google Analytics which is one of the most widespread and trusted analytics solution on the web for helping us understand how you use the site and ways we can improve your experience. These cookies may track things like how long you spend on the site and the pages you visit so we can continue to produce engaging content.<\/span><\/li><\/ul><p><span style=\"color: #000000;\">For more information about Google Analytics cookies, see the official Google Analytics page.<\/span><\/p><ul><li><span style=\"color: #000000;\">Third-party analytics are used to track and measure usage of this site so that we can continue to produce engaging content. These cookies may track things like the time you spend on the site or the pages you visit, which helps us understand how we can improve the site for you.<\/span><\/li><li><span style=\"color: #000000;\">Periodically, we test new features and make subtle changes to the way the site appears. When we are still testing new features these cookies may be used to ensure that you receive a consistent experience whilst on the site whilst we understand which optimisations our users appreciate most.<\/span><\/li><li><span style=\"color: #000000;\">As we sell products, it is important that we understand statistics about how many visitors to our website actually purchase, and so this is the type of data that these cookies will track. This is important to you as it means we can accurately make business forecasts that allow us to analyze our advertising and product costs to ensure the best possible price.<\/span><\/li><li><span style=\"color: #000000;\">The Google AdSense service we use to serve advertising uses a DoubleClick cookie to serve more relevant ads across the web and limit the number of times a particular ad is shown to you.<\/span><br \/><span style=\"color: #000000;\">For more information about Google AdSense, see the official Google AdSense Privacy FAQs.<\/span><\/li><li><span style=\"color: #000000;\">We use advertisements to offset the costs of running this site and provide funding for future development. The behavioral advertising cookies used by this site are designed to ensure that we provide you with the most relevant advertisements where possible by anonymously tracking your interests and presenting similar things that may be of interest to you.<\/span><\/li><li><span style=\"color: #000000;\">Several partners advertise on our behalf and affiliate tracking cookies simply allow us to see if our customers have accessed the site through one of our partners' sites so that we can credit them appropriately and, where applicable, allow our affiliate partners to offer any promotion that can provide you to make a purchase.<\/span><\/li><\/ul><h3><span style=\"color: #000000;\">More information<\/span><\/h3><p><span style=\"color: #000000;\">Hopefully that's clear, and as mentioned previously, if there's something you're not sure whether you need or not, it's usually safer to leave cookies enabled in case it interacts with one of the features you use on our site.<\/span><\/p><p><span style=\"color: #000000;\">This policy is effective from <strong>October<\/strong>\/<strong>2020<\/strong>.<\/span><\/p>\t\t\t\t\t\t\t\t<\/div>\n\t\t\t\t<\/div>\n\t\t\t\t\t<\/div>\n\t\t<\/div>\n\t\t\t\t\t<\/div>\n\t\t<\/section>\n\t\t\t\t<\/div>","protected":false},"excerpt":{"rendered":"<p>HOME A POUSADA CARAGUATATUBA RESERVAS Pol\u00edtica Privacidade A sua privacidade \u00e9 importante para n\u00f3s. \u00c9 pol\u00edtica do Pousada Martin de S\u00e1 respeitar a sua privacidade em rela\u00e7\u00e3o a qualquer informa\u00e7\u00e3o sua que possamos coletar no site Pousada Martin de S\u00e1, e outros sites que possu\u00edmos e operamos. Solicitamos informa\u00e7\u00f5es pessoais apenas quando realmente precisamos delas [&hellip;]<\/p>\n","protected":false},"author":1,"featured_media":0,"parent":0,"menu_order":0,"comment_status":"closed","ping_status":"closed","template":"elementor_header_footer","meta":{"footnotes":""},"class_list":["post-9","page","type-page","status-publish","hentry"],"_links":{"self":[{"href":"https:\/\/pousadamartindesa.com\/en\/wp-json\/wp\/v2\/pages\/9","targetHints":{"allow":["GET"]}}],"collection":[{"href":"https:\/\/pousadamartindesa.com\/en\/wp-json\/wp\/v2\/pages"}],"about":[{"href":"https:\/\/pousadamartindesa.com\/en\/wp-json\/wp\/v2\/types\/page"}],"author":[{"embeddable":true,"href":"https:\/\/pousadamartindesa.com\/en\/wp-json\/wp\/v2\/users\/1"}],"replies":[{"embeddable":true,"href":"https:\/\/pousadamartindesa.com\/en\/wp-json\/wp\/v2\/comments?post=9"}],"version-history":[{"count":9,"href":"https:\/\/pousadamartindesa.com\/en\/wp-json\/wp\/v2\/pages\/9\/revisions"}],"predecessor-version":[{"id":805,"href":"https:\/\/pousadamartindesa.com\/en\/wp-json\/wp\/v2\/pages\/9\/revisions\/805"}],"wp:attachment":[{"href":"https:\/\/pousadamartindesa.com\/en\/wp-json\/wp\/v2\/media?parent=9"}],"curies":[{"name":"wp","href":"https:\/\/api.w.org\/{rel}","templated":true}]}}